{"id":1109,"date":"2025-04-08T09:06:18","date_gmt":"2025-04-08T09:06:18","guid":{"rendered":"http:\/\/3.68.93.236\/\/\/die-aves-family-copy\/"},"modified":"2025-12-04T08:47:33","modified_gmt":"2025-12-04T08:47:33","slug":"aves-family-en","status":"publish","type":"page","link":"https:\/\/protecbird.com\/?page_id=1109&lang=en","title":{"rendered":"Aves Family EN"},"content":{"rendered":"","protected":false},"excerpt":{"rendered":"","protected":false},"author":1,"featured_media":0,"parent":0,"menu_order":18,"comment_status":"closed","ping_status":"closed","template":"","meta":{"_acf_changed":false},"class_list":["post-1109","page","type-page","status-publish","hentry"],"acf":[],"grid":"{\r\n  \"colCount\": 12,\r\n  \"colGutter\": 1,\r\n  \"rowGutters\": [\r\n    0,\r\n    0\r\n  ],\r\n  \"frameMargin\": 5,\r\n  \"leftFrameMargin\": 10,\r\n  \"rightFrameMargin\": 10,\r\n  \"topFrameMargin\": 55,\r\n  \"mus\": {\r\n    \"colGutterMu\": \"%\",\r\n    \"rowGutterMu\": \"%\",\r\n    \"topFrameMu\": \"px\",\r\n    \"bottomFrameMu\": \"%\",\r\n    \"frameMu\": \"%\"\r\n  },\r\n  \"bottomFrameMargin\": 5,\r\n  \"rowAttrs\": [\r\n    {\r\n      \"bgcolor\": \"#cbdbe9\",\r\n      \"row100vh\": false,\r\n      \"rowcustomheight\": \"50vh\",\r\n      \"relid\": 1\r\n    },\r\n    {\r\n      \"bgcolor\": \"#cbdbe9\",\r\n      \"relid\": 5\r\n    },\r\n    {\r\n      \"relid\": 12,\r\n      \"classes\": \"gradientAll\"\r\n    }\r\n  ],\r\n  \"bgColor\": null,\r\n  \"bgImage\": null,\r\n  \"cont\": [\r\n    {\r\n      \"type\": \"text\",\r\n      \"cont\": \"<h1 class=\\\"_Hauptueberschrift\\\" style=\\\"text-align: center;\\\">The AVES Family<\/h1>\",\r\n      \"align\": \"middle\",\r\n      \"row\": 0,\r\n      \"col\": 1,\r\n      \"colspan\": 10,\r\n      \"offsetx\": 0,\r\n      \"offsety\": 0,\r\n      \"spaceabove\": 0,\r\n      \"spacebelow\": 0,\r\n      \"yvel\": 1,\r\n      \"push\": 1,\r\n      \"relid\": 2,\r\n      \"absolute_position\": true,\r\n      \"frameOverflow\": \"\"\r\n    },\r\n    {\r\n      \"type\": \"text\",\r\n      \"cont\": \"<p class=\\\"font_8 wixui-rich-text__text\\\"><span class=\\\"wixui-rich-text__text\\\">Our mission is to combine the protection of birds and the improvement of energy yields with innovative solutions. With the AI-based systems AVES Wind\u00ae Anti-Collision System (ACS), AVES Wind\u00ae Monitoring and AVES Wind\u00ae High Precision Counter (HPC), we are helping to make the expansion of renewable energies safe and sustainable.<\/span><\/p><p class=\\\"font_8 wixui-rich-text__text\\\"><span class=\\\"wixui-rich-text__text\\\">We are also setting new standards in aviation with AVES Airport\u00ae:<\/span><\/p>\",\r\n      \"align\": \"top\",\r\n      \"row\": 1,\r\n      \"col\": 0,\r\n      \"colspan\": 6,\r\n      \"offsetx\": 0,\r\n      \"offsety\": 0,\r\n      \"spaceabove\": 0,\r\n      \"spacebelow\": 5,\r\n      \"yvel\": 1,\r\n      \"push\": 0,\r\n      \"relid\": 6,\r\n      \"absolute_position\": false,\r\n      \"dosync\": false\r\n    },\r\n    {\r\n      \"type\": \"text\",\r\n      \"cont\": \"<p class=\\\"font_8 wixui-rich-text__text\\\"><span class=\\\"wixui-rich-text__text\\\">Our fully automatic system prevents bird strikes on aircraft taking off and landing, thus ensuring maximum safety in air traffic and the preservation of biodiversity.<\/span><\/p><p class=\\\"font_8 wixui-rich-text__text\\\"><span class=\\\"wixui-rich-text__text\\\">In addition, with AVES Industry\u00ae and AVES Stadium\u00ae we protect buildings and facilities in industry, agriculture and the energy sector as well as sports facilities from bird strikes, damage caused by feeding and pollution in order to ensure sustainable coexistence.<\/span><\/p>\",\r\n      \"align\": \"top\",\r\n      \"row\": 1,\r\n      \"col\": 6,\r\n      \"colspan\": 6,\r\n      \"offsetx\": 0,\r\n      \"offsety\": 0,\r\n      \"spaceabove\": 0,\r\n      \"spacebelow\": 5,\r\n      \"yvel\": 1,\r\n      \"push\": 0,\r\n      \"relid\": 7,\r\n      \"absolute_position\": false,\r\n      \"frameOverflow\": \"\",\r\n      \"dosync\": false\r\n    },\r\n    {\r\n      \"type\": \"thumbnailgrid\",\r\n      \"cont\": \"\",\r\n      \"align\": \"top\",\r\n      \"row\": 2,\r\n      \"col\": 0,\r\n      \"colspan\": 12,\r\n      \"offsetx\": 0,\r\n      \"offsety\": 0,\r\n      \"spaceabove\": 0,\r\n      \"spacebelow\": 0,\r\n      \"yvel\": 1,\r\n      \"push\": 0,\r\n      \"relid\": 13,\r\n      \"config\": {\r\n        \"desktop\": {\r\n          \"colCount\": 3,\r\n          \"colGutter\": 2,\r\n          \"rowGutter\": 4,\r\n          \"colGutterMu\": \"%\",\r\n          \"rowGutterMu\": \"%\",\r\n          \"customAspectRatio\": false,\r\n          \"customAspectRatioW\": 16,\r\n          \"customAspectRatioH\": 9\r\n        },\r\n        \"tablet\": {\r\n          \"colCount\": 3,\r\n          \"colGutter\": 3,\r\n          \"rowGutter\": 5,\r\n          \"colGutterMu\": \"%\",\r\n          \"rowGutterMu\": \"%\",\r\n          \"customAspectRatio\": false,\r\n          \"customAspectRatioW\": 16,\r\n          \"customAspectRatioH\": 9\r\n        },\r\n        \"phone\": {\r\n          \"colCount\": 2,\r\n          \"colGutter\": 4,\r\n          \"rowGutter\": 8,\r\n          \"colGutterMu\": \"%\",\r\n          \"rowGutterMu\": \"%\",\r\n          \"customAspectRatio\": false,\r\n          \"customAspectRatioW\": 16,\r\n          \"customAspectRatioH\": 9\r\n        },\r\n        \"layoutType\": \"top-aligned\",\r\n        \"cat_id\": 10,\r\n        \"showfilter\": false,\r\n        \"showtagfilter\": false,\r\n        \"sortedFilters\": [\r\n          {\r\n            \"term_id\": 10,\r\n            \"name\": \"Uncategorized\",\r\n            \"visible\": true\r\n          }\r\n        ],\r\n        \"sortedTagFilters\": [],\r\n        \"tagFilterBehaviour\": \"or\",\r\n        \"limitThumbnails\": 0,\r\n        \"deselect_tags\": true,\r\n        \"reorder_tags\": true,\r\n        \"randomorder\": false,\r\n        \"sortbyname\": false,\r\n        \"sortbydate\": false,\r\n        \"sortbymenuorder\": true,\r\n        \"sortbycustom\": false,\r\n        \"showAllProjects\": false,\r\n        \"showAllFilter\": false,\r\n        \"allFilterText\": \"All\"\r\n      },\r\n      \"absolute_position\": false\r\n    }\r\n  ]\r\n}","phonegrid":"{\r\n  \"colCount\": 12,\r\n  \"colGutter\": 1,\r\n  \"rowGutters\": [\r\n    \"\",\r\n    \"10\"\r\n  ],\r\n  \"frameMargin\": 5,\r\n  \"topFrameMargin\": 0,\r\n  \"rightFrameMargin\": 5,\r\n  \"bottomFrameMargin\": 15,\r\n  \"leftFrameMargin\": 5,\r\n  \"mus\": {\r\n    \"colGutterMu\": \"%\",\r\n    \"rowGutterMu\": \"%\",\r\n    \"topFrameMu\": \"%\",\r\n    \"bottomFrameMu\": \"%\",\r\n    \"frameMu\": \"%\"\r\n  },\r\n  \"rowAttrs\": [\r\n    {\r\n      \"relid\": 8,\r\n      \"rowcustomheight\": \"40vh\",\r\n      \"row100vh\": false\r\n    },\r\n    {\r\n      \"relid\": 9\r\n    },\r\n    {\r\n      \"relid\": 11\r\n    }\r\n  ],\r\n  \"bgColor\": null,\r\n  \"bgImage\": null,\r\n  \"cont\": [\r\n    {\r\n      \"type\": \"text\",\r\n      \"cont\": \"<h1 class=\\\"_Hauptueberschrift\\\" style=\\\"text-align: center;\\\">The AVES Family<\/h1>\",\r\n      \"align\": \"bottom\",\r\n      \"row\": 0,\r\n      \"col\": 0,\r\n      \"colspan\": 12,\r\n      \"offsetx\": 0,\r\n      \"offsety\": 0,\r\n      \"spaceabove\": \"0\",\r\n      \"spacebelow\": \"20\",\r\n      \"yvel\": 1,\r\n      \"push\": 0,\r\n      \"relid\": 2,\r\n      \"absolute_position\": true,\r\n      \"frameOverflow\": \"\"\r\n    },\r\n    {\r\n      \"type\": \"text\",\r\n      \"cont\": \"<div id=\\\"comp-m2bn2br22\\\" class=\\\"HcOXKn c9GqVL QxJLC3 lq2cno YQcXTT comp-m2bn2br22 wixui-rich-text\\\" data-testid=\\\"richTextElement\\\"><p class=\\\"font_8 wixui-rich-text__text\\\"><span class=\\\"wixui-rich-text__text\\\">Unsere Mission ist es, den Schutz von V\u00f6geln und die Verbesserung von Energieertr\u00e4gen mit innovativen L\u00f6sungen zu verbinden. Mit den KI-basierten Systemen AVES Wind\u00ae Antikollisionssystem (ACS), AVES Wind\u00ae Monitoring und AVES Wind\u00ae High Precision Counter (HPC) tragen wir dazu bei, den Ausbau erneuerbarer Energien sicher und nachhaltig zu gestalten.<\/span><\/p><\/div><p><span class=\\\"wixui-rich-text__text\\\">Auch in der Luftfahrt setzen wir mit AVES Airport\u00ae neue Standards:<\/span><\/p><p><span class=\\\"wixui-rich-text__text\\\">Unser vollautomatisches System verhindert Vogelschlag bei startenden und landenden Flugzeugen und sorgt so f\u00fcr maximale Sicherheit im Flugverkehr und den Erhalt der Artenvielfalt.<\/span><\/p><p><span class=\\\"wixui-rich-text__text\\\">Dar\u00fcber hinaus sch\u00fctzen wir mit AVES Industry\u00ae und AVES Stadium\u00ae Geb\u00e4ude und Anlagen aus Industrie, Landwirtschaft und Energiewirtschaft sowie Sportst\u00e4tten vor Vogelschlag, Fra\u00dfsch\u00e4den und Verschmutzungen, um eine nachhaltige Koexistenz zu gew\u00e4hrleisten.<\/span><\/p>\",\r\n      \"align\": \"top\",\r\n      \"row\": 1,\r\n      \"col\": 0,\r\n      \"colspan\": 12,\r\n      \"offsetx\": 0,\r\n      \"offsety\": 0,\r\n      \"spaceabove\": 0,\r\n      \"spacebelow\": 0,\r\n      \"yvel\": 1,\r\n      \"push\": 0,\r\n      \"relid\": 6,\r\n      \"absolute_position\": false,\r\n      \"dosync\": false\r\n    }\r\n  ]\r\n}","_links":{"self":[{"href":"https:\/\/protecbird.com\/index.php?rest_route=\/wp\/v2\/pages\/1109","targetHints":{"allow":["GET"]}}],"collection":[{"href":"https:\/\/protecbird.com\/index.php?rest_route=\/wp\/v2\/pages"}],"about":[{"href":"https:\/\/protecbird.com\/index.php?rest_route=\/wp\/v2\/types\/page"}],"author":[{"embeddable":true,"href":"https:\/\/protecbird.com\/index.php?rest_route=\/wp\/v2\/users\/1"}],"replies":[{"embeddable":true,"href":"https:\/\/protecbird.com\/index.php?rest_route=%2Fwp%2Fv2%2Fcomments&post=1109"}],"version-history":[{"count":0,"href":"https:\/\/protecbird.com\/index.php?rest_route=\/wp\/v2\/pages\/1109\/revisions"}],"wp:attachment":[{"href":"https:\/\/protecbird.com\/index.php?rest_route=%2Fwp%2Fv2%2Fmedia&parent=1109"}],"curies":[{"name":"wp","href":"https:\/\/api.w.org\/{rel}","templated":true}]}}